{"id":1130,"date":"2022-02-12T12:22:39","date_gmt":"2022-02-12T12:22:39","guid":{"rendered":"http:\/\/cherubiny.pl\/?page_id=1130"},"modified":"2022-02-19T11:11:53","modified_gmt":"2022-02-19T11:11:53","slug":"oferujemy","status":"publish","type":"page","link":"http:\/\/cherubiny.pl\/index.php\/oferujemy\/","title":{"rendered":"Oferujemy"},"content":{"rendered":"\r\n<p><span style=\"font-weight: bold;\"><strong>Oferta zawiera ca\u0142odzienn\u0105 opiek\u0119 nad dzie\u0107mi w wieku od 6 miesi\u0105ca do 3 lat w godzinach od 07.00 do 17.00.<\/strong><\/span><\/p>\r\n\r\n\r\n\r\n<p><br \/><span style=\"font-weight: bold;\"><strong>W CENIE CZESNEGO OFERUJEMY:<\/strong><\/span><\/p>\r\n\r\n\r\n\r\n<ul>\r\n<li><span style=\"font-weight: bold;\"><strong>ZAJ\u0118CIA MUZYCZNO &#8211; RYTMICZNE\u00a0<\/strong><\/span>&#8211;\u00a0 prowadzone przez cioci\u0119 Julitk\u0119<\/li>\r\n<li><span style=\"font-weight: bold;\"><strong>J\u0118ZYK ANGIELSKI <\/strong><\/span>&#8211; wprowadzany poprzez zabaw\u0119, \u015bpiew, ruch i muzyk\u0119 przez Pani\u0105 Ani\u0119 Mader\u0119- G\u00f3reck\u0105.<\/li>\r\n<li><span style=\"font-weight: bold;\"><strong>ZAJ\u0118CIA RUCHOWE <\/strong><\/span>&#8211; z elementami metody Weroniki Sherborne oraz chusty animacyjnej prowadzone przez cioci\u0119 Kasi\u0119.<\/li>\r\n<li><span style=\"font-weight: bold;\"><strong>ZAJ\u0118CIA LOGOPEDYCZNE <\/strong><\/span>&#8211; gimnastyka buzi i j\u0119zyka, logoterapia, \u0107wiczenia d\u017awi\u0119kona\u015bladowcze oraz przygotowanie aparatu artykulacyjnego do m\u00f3wienia prowadzone przez wykwalifikowanego logoped\u0119 i neurologoped\u0119 pani\u0105 Ewelin\u0119 Modzelewsk\u0105 z Rozgadanego Krokodyla.<\/li>\r\n<li><span style=\"font-weight: bold;\"><strong>WARSZTATY SENSOPLASTYCZNE<\/strong><\/span>\u00a0&#8211; zaj\u0119cia plastyczne pobudzaj\u0105ce dzieci\u0119ce zmys\u0142y, prowadzone s\u0105 w r\u00f3\u017cnych miejscach, przy u\u017cyciu r\u00f3\u017cnorakich produkt\u00f3w takich jak: kasze, ry\u017c, ziarenka, posypki itp, zaj\u0119cia te maj\u0105 na celu zaanga\u017cowania i pobudzenia jak najwi\u0119kszej ilo\u015bci zmys\u0142\u00f3w przy doskona\u0142ej zabawie, warsztaty te prowadzi ciocia Kasia.\u00a0<\/li>\r\n<\/ul>\r\n\r\n\r\n\r\n<p>Opr\u00f3cz wy\u017cej wymienionych zaj\u0119\u0107 wspieramy si\u0119 r\u00f3wnie\u017c elementami metod:<\/p>\r\n\r\n\r\n\r\n<ul>\r\n<li><span style=\"font-weight: bold;\"><strong>Karla Orffa<\/strong><\/span><\/li>\r\n<li><span style=\"font-weight: bold;\"><strong>Knill\u00f3w<\/strong><\/span><\/li>\r\n<li><span style=\"font-weight: bold;\"><strong>Pedagogiki Zabawy<\/strong><\/span><\/li>\r\n<li><span style=\"font-weight: bold;\"><strong>i wiele innych, niekiedy wymy\u015blonych przez nas same \ud83d\ude42<\/strong><\/span><\/li>\r\n<\/ul>\r\n\r\n\r\n\r\n<p>&nbsp;<\/p>\r\n<p><span style=\"font-weight: bold;\"><strong>WA\u017bNE WYDARZENIA, KT\u00d3RE POJAWIAJ\u0104 SI\u0118 CYKLICZNIE:<\/strong><\/span><br \/>(konkretne daty pojawiaj\u0105 si\u0119 na tablicy og\u0142osze\u0144 w plac\u00f3wce):<br \/>\u00a0<\/p>\r\n\r\n\r\n\r\n<ul>\r\n<li><span style=\"font-weight: bold;\"><strong>TEATR<\/strong><\/span> &#8211; wizyta artyst\u00f3w i aktor\u00f3w, kt\u00f3rzy wprowadzaj\u0105 dzieci w \u015bwiat bajek poprzez inscenizacje teatralne i kukie\u0142kowe<\/li>\r\n<li><span style=\"font-weight: bold;\"><strong>PIECZENIE ZIEMNIAKA<\/strong><\/span> &#8211; jesienne ognisko wraz z rodzicami przy akompaniamencie gitary i smacznego jedzenia<\/li>\r\n<li><span style=\"font-weight: bold;\"><strong>MIKO\u0141AJKI ORAZ UBIERANIE CHOINKI<\/strong><\/span> &#8211; wsp\u00f3lne ubieranie choinki, \u015bpiewanie kol\u0119d oraz prezenty dla podopiecznych<\/li>\r\n<li><span style=\"font-weight: bold;\"><strong>BAL KARNAWA\u0141OWY<\/strong><\/span> &#8211; ciekawe stroje, du\u017co muzyki, ta\u0144ce, zabawa i \u015bmiech<\/li>\r\n<li><span style=\"font-weight: bold;\"><strong>DZIE\u0143 RODZINY<\/strong><\/span> &#8211; \u015bwieto po\u015bwi\u0119cone rodzicom, dzieciom i nie tylko&#8230; Zapraszamy ca\u0142e rodziny i sp\u0119dzamy czas w ogrodzie przy grillu, a dzieci przedstawiaj\u0105 wszystko to, czego si\u0119 nauczy\u0142y przed swoimi rodzinami<\/li>\r\n<li><span style=\"font-weight: bold;\"><strong>PO\u017bEGNANIE STARSZAK\u00d3W<\/strong><\/span> &#8211; zapraszamy rodzic\u00f3w i dzieci, kt\u00f3re odchodz\u0105 do przedszkola, wspominamy pierwsze i ostatnie chwile w Cherubinach<\/li>\r\n<\/ul>\r\n\r\n\r\n\r\n<p>Przed przyj\u015bciem dziecka do naszej plac\u00f3wki, proponujemy rodzicom darmowy tydzie\u0144 adaptacyjny wraz z dzieckiem. Wi\u0119cej szczeg\u00f3\u0142\u00f3w odno\u015bnie adaptacji ustalamy przy podpisaniu umowy.<\/p>\r\n\r\n\r\n\r\n<p><span style=\"font-weight: bold;\"><strong>DZIECI W NASZEJ PLAC\u00d3WCE SP\u0118DZAJ\u0104 CZAS WED\u0141UG NAST\u0118PUJ\u0104CEGO PLANU:<\/strong><\/span><\/p>\r\n\r\n\r\n\r\n<p>7.00-8.30 Schodzenie si\u0119 dzieci, r\u00f3\u017cnorakie zabawy<br \/>8.30-9.00 Czynno\u015bci higienicznie i porz\u0105dkowe, piosenki na przywitanie<br \/>9.00-9.30 \u015aniadanie<br \/>9.30-10.10 Zaj\u0119cia r\u00f3\u017cnego typu oparte zazwyczaj na zabawie, ruchu i piosence<br \/>10.10-10.20 Przek\u0105ska- owoc (je\u015bli pogoda pozwala to dzieci jedz\u0105 ju\u017c na podw\u00f3rku)<br \/>10.10-10.50 Wyj\u015bcie na podw\u00f3rko<br \/>10.50-11.10 Czynno\u015bci higieniczne<br \/>11.10-11.30 Zabawy dowolne, czytanie bajek, wyciszanie dzieci przed obiadem<br \/>11.30-12.00 Zupa<br \/>12.00-14.00 Drzemka poobiednia<br \/>14.00-14.30 Wybudzanie dzieci, przytulanki- mruczanki, s\u0142uchanie piosenek<br \/>14.30-15.00 Drugie danie<br \/>15.00-17.00 Rozchodzenie si\u0119 dzieci do dom\u00f3w, zabawy na dywanie przy muzyce, rysowanie, uk\u0142adanie z klock\u00f3w lub puzzli, w porze letniej wyj\u015bcie na podw\u00f3rko. Oko\u0142o godziny 16.00 Podwieczorek\u00a0<\/p>\r\n","protected":false},"excerpt":{"rendered":"<p>Oferta zawiera ca\u0142odzienn\u0105 opiek\u0119 nad dzie\u0107mi w wieku od 6 miesi\u0105ca do 3 lat w godzinach od 07.00 do 17.00&#8230;.<\/p>\n","protected":false},"author":1,"featured_media":0,"parent":0,"menu_order":0,"comment_status":"closed","ping_status":"closed","template":"","meta":{"pmpro_default_level":0},"_links":{"self":[{"href":"http:\/\/cherubiny.pl\/index.php\/wp-json\/wp\/v2\/pages\/1130"}],"collection":[{"href":"http:\/\/cherubiny.pl\/index.php\/wp-json\/wp\/v2\/pages"}],"about":[{"href":"http:\/\/cherubiny.pl\/index.php\/wp-json\/wp\/v2\/types\/page"}],"author":[{"embeddable":true,"href":"http:\/\/cherubiny.pl\/index.php\/wp-json\/wp\/v2\/users\/1"}],"replies":[{"embeddable":true,"href":"http:\/\/cherubiny.pl\/index.php\/wp-json\/wp\/v2\/comments?post=1130"}],"version-history":[{"count":3,"href":"http:\/\/cherubiny.pl\/index.php\/wp-json\/wp\/v2\/pages\/1130\/revisions"}],"predecessor-version":[{"id":1197,"href":"http:\/\/cherubiny.pl\/index.php\/wp-json\/wp\/v2\/pages\/1130\/revisions\/1197"}],"wp:attachment":[{"href":"http:\/\/cherubiny.pl\/index.php\/wp-json\/wp\/v2\/media?parent=1130"}],"curies":[{"name":"wp","href":"https:\/\/api.w.org\/{rel}","templated":true}]}}