{"id":1150,"date":"2022-02-12T13:01:50","date_gmt":"2022-02-12T13:01:50","guid":{"rendered":"http:\/\/cherubiny.pl\/?page_id=1150"},"modified":"2025-11-15T20:34:19","modified_gmt":"2025-11-15T20:34:19","slug":"cennik","status":"publish","type":"page","link":"http:\/\/cherubiny.pl\/index.php\/cennik\/","title":{"rendered":"Cennik"},"content":{"rendered":"<p>[vc_row][vc_column][vc_column_text]<\/p>\n<p style=\"font-weight: 400;\">Czesne wynosi <strong>2200 z\u0142 <\/strong>(<strong>1500 z\u0142<\/strong> dofinansowanie Aktywnie w \u017b\u0142obku, <strong>400 z\u0142<\/strong> dofinansowanie z gminy dla dzieci zamieszka\u0142ych w gminie Wroc\u0142aw zaszczepionych zgodnie z kalendarzem szczepie\u0144).<\/p>\n<p style=\"font-weight: 400;\"><strong>Do op\u0142aty czesnego nale\u017cy doliczy\u0107 dzienn\u0105 stawk\u0119 \u017cywieniow\u0105 (dieta podstawowa), kt\u00f3ra wynosi 20 z\u0142\/dzie\u0144. Dieta eliminacyjna 22 z\u0142\/dzie\u0144.<\/strong><\/p>\n<p style=\"font-weight: 400;\"><strong>Dzieciom, kt\u00f3re nie uko\u0144czy\u0142y pierwszego roku \u017cycia wy\u017cywienie zapewniaj\u0105 rodzice<\/strong>.<\/p>\n<p style=\"font-weight: 400;\">Wpisowe &#8211;\u00a0 <strong>600 z\u0142<\/strong> &#8211; wp\u0142acane razem z pierwszym abonamentem, a nast\u0119pnie, co roku przez ca\u0142y okres pobytu dziecka w plac\u00f3wce;<\/p>\n<p style=\"font-weight: 400;\">Rozpocz\u0119ta godzina opieki po zamkni\u0119ciu plac\u00f3wki &#8211;<strong> 30 z\u0142.<\/strong><\/p>\n","protected":false},"excerpt":{"rendered":"<p>[vc_row][vc_column][vc_column_text] Czesne wynosi 2200 z\u0142 (1500 z\u0142 dofinansowanie Aktywnie w \u017b\u0142obku, 400 z\u0142 dofinansowanie z gminy dla dzieci zamieszka\u0142ych w&#8230;<\/p>\n","protected":false},"author":1,"featured_media":0,"parent":0,"menu_order":0,"comment_status":"closed","ping_status":"closed","template":"","meta":{"pmpro_default_level":0},"_links":{"self":[{"href":"http:\/\/cherubiny.pl\/index.php\/wp-json\/wp\/v2\/pages\/1150"}],"collection":[{"href":"http:\/\/cherubiny.pl\/index.php\/wp-json\/wp\/v2\/pages"}],"about":[{"href":"http:\/\/cherubiny.pl\/index.php\/wp-json\/wp\/v2\/types\/page"}],"author":[{"embeddable":true,"href":"http:\/\/cherubiny.pl\/index.php\/wp-json\/wp\/v2\/users\/1"}],"replies":[{"embeddable":true,"href":"http:\/\/cherubiny.pl\/index.php\/wp-json\/wp\/v2\/comments?post=1150"}],"version-history":[{"count":16,"href":"http:\/\/cherubiny.pl\/index.php\/wp-json\/wp\/v2\/pages\/1150\/revisions"}],"predecessor-version":[{"id":1300,"href":"http:\/\/cherubiny.pl\/index.php\/wp-json\/wp\/v2\/pages\/1150\/revisions\/1300"}],"wp:attachment":[{"href":"http:\/\/cherubiny.pl\/index.php\/wp-json\/wp\/v2\/media?parent=1150"}],"curies":[{"name":"wp","href":"https:\/\/api.w.org\/{rel}","templated":true}]}}