{"id":64,"date":"2019-02-14T06:58:10","date_gmt":"2019-02-14T06:58:10","guid":{"rendered":"http:\/\/kindergarten.thimpress.com\/kindergarten-2\/?page_id=64"},"modified":"2022-02-26T10:07:22","modified_gmt":"2022-02-26T10:07:22","slug":"about-us","status":"publish","type":"page","link":"http:\/\/cherubiny.pl\/index.php\/about-us\/","title":{"rendered":"Bli\u017cej nas"},"content":{"rendered":"<p>[vc_row full_width=&#8221;stretch_row&#8221; css=&#8221;.vc_custom_1551845994741{padding-top: 72px !important;padding-bottom: 49px !important;}&#8221; bp_css_mobile=&#8221;.vc_custom_1551845994744{padding-top: 0px !important;padding-bottom: 0px !important;}&#8221;][vc_column css=&#8221;.vc_custom_1551846021461{margin-top: 38px !important;padding-top: 0px !important;padding-right: 0px !important;padding-bottom: 0px !important;padding-left: 0px !important;}&#8221; offset=&#8221;vc_col-lg-6 vc_col-md-6 vc_col-xs-12&#8243;][vc_single_image image=&#8221;393&#8243; img_size=&#8221;full&#8221; alignment=&#8221;center&#8221;][\/vc_column][vc_column css=&#8221;.vc_custom_1551846095946{padding-top: 63px !important;padding-right: 0px !important;padding-left: 30px !important;}&#8221; offset=&#8221;vc_col-lg-6 vc_col-md-6 vc_col-xs-12&#8243; bp_css_mobile=&#8221;.vc_custom_1551846095950{padding-top: 0px !important;padding-left: 0px !important;}&#8221; bp_css_tablet=&#8221;.vc_custom_1551846095949{padding-top: 35px !important;padding-left: 0px !important;}&#8221;]\n<div class=\"bp-element bp-element-heading vc_custom_1644671105983 align-center kindergarten-layout-1  \" >\n        <h3 class=\"title\"  style=\"text-transform:none; margin:0px; \">\n    Cherubiny    <\/h3>\n\n    <div class=\"line\" ><\/div>\n\n\n\n<\/div>[vc_column_text el_class=&#8221;thim-block-about text-center&#8221;]Ka\u017cda plac\u00f3wka podobna do tej stara si\u0119 stworzy\u0107 miejsce przyjazne dla dzieci, ale bez kochaj\u0105cych opiekunek, kt\u00f3re wk\u0142adaj\u0105 ca\u0142e swoje serce i umiej\u0119tno\u015bci takie miejsca nie maj\u0105 racji bytu.<\/p>\n<p>Cherubiny tworz\u0105 opiekunki o ogromnym sercu, wiedzy, do\u015bwiadczeniu i nie wa\u017cne co by si\u0119 nie dzia\u0142o, u\u015bmiechu lecz\u0105cym wszelkie smutki.<\/p>\n<p style=\"font-weight: 400;\">Nasz \u017c\u0142obek jest wpisany do\u00a0<strong>Rejestru \u017b\u0142obk\u00f3w i Klub\u00f3w Dzieci\u0119cych we Wroc\u0142awiu<\/strong>. Posiadamy wdro\u017cony system HACCP oraz pozytywn\u0105 opini\u0119 Pa\u0144stwowej Stra\u017cy Po\u017carnej i opini\u0119 sanitarn\u0105. Podlegamy kontroli wy\u017cej wymienionych plac\u00f3wek, dzi\u0119ki temu nieustannie podnosimy jako\u015b\u0107 \u015bwiadczonych us\u0142ug.<\/p>\n<p>[\/vc_column_text][\/vc_column][\/vc_row][vc_row full_width=&#8221;stretch_row&#8221; css=&#8221;.vc_custom_1551846130931{padding-bottom: 155px !important;background-color: #ffffff !important;}&#8221; el_class=&#8221;z-index-1&#8243; bp_css_mobile=&#8221;.vc_custom_1551846130934{padding-top: 50px !important;padding-bottom: 50px !important;}&#8221;][vc_column css=&#8221;.vc_custom_1551846176530{padding-top: 105px !important;}&#8221; offset=&#8221;vc_col-lg-6 vc_col-md-6 vc_col-xs-12&#8243; bp_css_mobile=&#8221;.vc_custom_1551846176536{padding-top: 0px !important;}&#8221; bp_css_tablet=&#8221;.vc_custom_1551846176534{padding-top: 0px !important;}&#8221;]\n<div class=\"bp-element bp-element-heading vc_custom_1644671136127 align-center kindergarten-layout-1  \" >\n        <h3 class=\"title\"  style=\"text-transform:none; margin:0px; \">\n    Niezb\u0119dnik Ma\u0142ego Odkrywcy    <\/h3>\n\n    <div class=\"line\" ><\/div>\n\n\n\n<\/div>[vc_column_text css=&#8221;.vc_custom_1644671445759{margin-bottom: 0px !important;}&#8221;]<\/p>\n<div class=\"bl-list kindergarten-layout-2\">\n<ul class=\"list\">\n<li class=\"list-item\"><b>kapcie<\/b><\/li>\n<li class=\"list-item\"><b>pi\u017cama<\/b><\/li>\n<li class=\"list-item\"><b>szczoteczka i kubek do mycia z\u0119b\u00f3w<\/b><\/li>\n<li class=\"list-item\"><b>ubrania na zmian\u0119 (koszulka, majtki, rajstopy, skarpety, spodenki, body)<\/b><\/li>\n<li class=\"list-item\"><b>smoczek, pieluszka tetrowa do przytulania, mi\u015b pluszowy lub co\u015b z czym dziecko zasypia<\/b><\/li>\n<li class=\"list-item\"><b>\u015bliniak<\/b><\/li>\n<li class=\"list-item\"><b>poszewki na po\u015bciel i poduszk\u0119, prze\u015bcierad\u0142o<\/b><\/li>\n<li class=\"list-item\"><b>mleko, kasza, deser, obiadek je\u015bli dziecko b\u0119dzie jad\u0142o w naszej plac\u00f3wce co\u015b czego my nie podajemy lub nie mo\u017ce je\u015b\u0107 z powodu alergii (ustalamy wraz z rodzicem przy podpisaniu umowy)<\/b><\/li>\n<li class=\"list-item\"><b>butelka lub kubeczek do picia<\/b><\/li>\n<li class=\"list-item\"><b>pieluszki i mokre chusteczki oraz krem przeciw odparzeniom<\/b><\/li>\n<\/ul>\n<\/div>\n<p>[\/vc_column_text][\/vc_column][vc_column offset=&#8221;vc_col-lg-6 vc_col-md-6 vc_col-xs-12&#8243; css=&#8221;.vc_custom_1551846204562{padding-right: 0px !important;padding-bottom: 0px !important;padding-left: 25px !important;}&#8221; bp_css_mobile=&#8221;.vc_custom_1551846204566{padding-left: 0px !important;}&#8221;][vc_single_image image=&#8221;407&#8243; img_size=&#8221;full&#8221; alignment=&#8221;center&#8221;][\/vc_column][\/vc_row][vc_row full_width=&#8221;stretch_row&#8221; css=&#8221;.vc_custom_1551846258473{padding-top: 84px !important;padding-bottom: 157px !important;background-color: #f8f6f3 !important;}&#8221; bp_css_mobile=&#8221;.vc_custom_1551846258477{padding-top: 20px !important;}&#8221;][vc_column]\n<div class=\"bp-element bp-element-heading  align-center kindergarten-layout-1  \" >\n        <h3 class=\"title\"  style=\"max-width:540px; color:#56509f; text-transform:none; margin:0px auto; \">\n    Nasz zesp\u00f3\u0142    <\/h3>\n\n    <div class=\"line\"  style=\"color:#ff7096; \"><\/div>\n\n\n\n<\/div>[\/vc_column][\/vc_row][vc_row full_width=&#8221;stretch_row&#8221; css=&#8221;.vc_custom_1551846288297{margin-top: -160px !important;}&#8221;][vc_column]\n<div class=\"bp-element bp-element-our-team kindergarten-layout-slider-1  vc_custom_1645870041161 \"      data-items-visible=\"3\"\n     data-items-tablet=\"2\"\n     data-items-mobile=\"1\">\n\n    \n<div class=\"wrap-element\">\n    <div class=\"slide-teacher js-call-slick-col\" data-numofslide=\"4\" data-numofscroll=\"1\" data-loopslide=\"1\" data-autoscroll=\"0\" data-speedauto=\"6000\" data-respon=\"[4, 1], [3, 1], [2, 1], [1, 1], [1, 1]\">\n        <div class=\"wrap-arrow-slick\">\n            <div class=\"arow-slick prev-slick\">\n                <i class=\"ion ion-ios-arrow-left\"><\/i>\n            <\/div>\n\n            <div class=\"arow-slick next-slick\">\n                <i class=\"ion ion-ios-arrow-right\"><\/i>\n            <\/div>\n        <\/div>\n\n        <div class=\"slide-slick\">\n                                            <div class=\"item-slick\">\n                    <div class=\"teacher-item\">\n                        <div class=\"teacher-media\">\n                            \n\t\t\t<img  src=\"http:\/\/cherubiny.pl\/wp-content\/uploads\/2022\/02\/esz-removebg-preview-260x260.png\"\n\t\t\t\t\t\t\t\t\t\t\t\t\t\t\t alt=\"esz-removebg-preview\"\n\t\t\t\t\t\t\t\t\t\t\t\t\t\t\t class=\"\">\n\n\t\t\t\n                            <div class=\"socials\">\n                                                                                                                                            <\/div>\n                        <\/div>\n\n                        <div class=\"teacher-text\">\n                            <h4 class=\"name\">\n                                <a href=\"#\">\n                                    Ewa Szl\u0119zak                                <\/a>\n                            <\/h4>\n\n                                                            <div class=\"info\">\n                                    Wsp\u00f3\u0142w\u0142a\u015bcielka                                <\/div>\n                                                    <\/div>\n                    <\/div>\n                <\/div>\n                                            <div class=\"item-slick\">\n                    <div class=\"teacher-item\">\n                        <div class=\"teacher-media\">\n                            \n\t\t\t<img  src=\"http:\/\/cherubiny.pl\/wp-content\/uploads\/2022\/02\/ja_2-260x260.png\"\n\t\t\t\t\t\t\t\t\t\t\t\t\t\t\t alt=\"ja_2\"\n\t\t\t\t\t\t\t\t\t\t\t\t\t\t\t class=\"\">\n\n\t\t\t\n                            <div class=\"socials\">\n                                                                <\/div>\n                        <\/div>\n\n                        <div class=\"teacher-text\">\n                            <h4 class=\"name\">\n                                <a href=\"#\">\n                                    Julita Andruszk\u00f3w                                <\/a>\n                            <\/h4>\n\n                                                            <div class=\"info\">\n                                    Wsp\u00f3\u0142w\u0142a\u015bcielka                                <\/div>\n                                                    <\/div>\n                    <\/div>\n                <\/div>\n                                            <div class=\"item-slick\">\n                    <div class=\"teacher-item\">\n                        <div class=\"teacher-media\">\n                            \n\t\t\t<img  src=\"http:\/\/cherubiny.pl\/wp-content\/uploads\/woocommerce-placeholder-260x260.png\"\n\t\t\t\t\t\t\t\t\t\t\t\t\t\t\t alt=\"woocommerce-placeholder\"\n\t\t\t\t\t\t\t\t\t\t\t\t\t\t\t class=\"\">\n\n\t\t\t\n                            <div class=\"socials\">\n                                                                                                                                        <a href=\"#\" class=\"social-item\" >\n                                                                <div class=\"icon-background\">\n                                                                    <div class=\"flower\">\n                                                                        <span class=\"petal\"><\/span>\n                                                                        <span class=\"petal\"><\/span>\n                                                                        <span class=\"petal\"><\/span>\n                                                                        <span class=\"petal\"><\/span>\n                                                                        <span class=\"petal\"><\/span>\n                                                                    <\/div>\n                                                                <\/div>\n                                                                <i class=\"fab fa-accessible-icon icon-fontawesome\"\n                                                                   aria-hidden=\"true\"><\/i><\/a>\n                                                                                                                            <\/div>\n                        <\/div>\n\n                        <div class=\"teacher-text\">\n                            <h4 class=\"name\">\n                                <a href=\"#\">\n                                    Kasia Kutschkin                                <\/a>\n                            <\/h4>\n\n                                                            <div class=\"info\">\n                                    Opiekunka                                <\/div>\n                                                    <\/div>\n                    <\/div>\n                <\/div>\n                                            <div class=\"item-slick\">\n                    <div class=\"teacher-item\">\n                        <div class=\"teacher-media\">\n                            \n\t\t\t<img  src=\"http:\/\/cherubiny.pl\/wp-content\/uploads\/woocommerce-placeholder-260x260.png\"\n\t\t\t\t\t\t\t\t\t\t\t\t\t\t\t alt=\"woocommerce-placeholder\"\n\t\t\t\t\t\t\t\t\t\t\t\t\t\t\t class=\"\">\n\n\t\t\t\n                            <div class=\"socials\">\n                                                                                                                                        <a href=\"#\" class=\"social-item\" >\n                                                                <div class=\"icon-background\">\n                                                                    <div class=\"flower\">\n                                                                        <span class=\"petal\"><\/span>\n                                                                        <span class=\"petal\"><\/span>\n                                                                        <span class=\"petal\"><\/span>\n                                                                        <span class=\"petal\"><\/span>\n                                                                        <span class=\"petal\"><\/span>\n                                                                    <\/div>\n                                                                <\/div>\n                                                                <i class=\"fab fa-accessible-icon icon-fontawesome\"\n                                                                   aria-hidden=\"true\"><\/i><\/a>\n                                                                                                                            <\/div>\n                        <\/div>\n\n                        <div class=\"teacher-text\">\n                            <h4 class=\"name\">\n                                <a href=\"#\">\n                                    Kamila Piotrowska                                <\/a>\n                            <\/h4>\n\n                                                            <div class=\"info\">\n                                    Opiekunka                                <\/div>\n                                                    <\/div>\n                    <\/div>\n                <\/div>\n                    <\/div>\n    <\/div>\n<\/div>\n\n<\/div>\n[\/vc_column][\/vc_row]<\/p>\n","protected":false},"excerpt":{"rendered":"<p>[vc_row full_width=&#8221;stretch_row&#8221; css=&#8221;.vc_custom_1551845994741{padding-top: 72px !important;padding-bottom: 49px !important;}&#8221; bp_css_mobile=&#8221;.vc_custom_1551845994744{padding-top: 0px !important;padding-bottom: 0px !important;}&#8221;][vc_column css=&#8221;.vc_custom_1551846021461{margin-top: 38px !important;padding-top: 0px !important;padding-right: 0px !important;padding-bottom: 0px&#8230;<\/p>\n","protected":false},"author":1,"featured_media":0,"parent":0,"menu_order":0,"comment_status":"closed","ping_status":"closed","template":"","meta":{"pmpro_default_level":0},"_links":{"self":[{"href":"http:\/\/cherubiny.pl\/index.php\/wp-json\/wp\/v2\/pages\/64"}],"collection":[{"href":"http:\/\/cherubiny.pl\/index.php\/wp-json\/wp\/v2\/pages"}],"about":[{"href":"http:\/\/cherubiny.pl\/index.php\/wp-json\/wp\/v2\/types\/page"}],"author":[{"embeddable":true,"href":"http:\/\/cherubiny.pl\/index.php\/wp-json\/wp\/v2\/users\/1"}],"replies":[{"embeddable":true,"href":"http:\/\/cherubiny.pl\/index.php\/wp-json\/wp\/v2\/comments?post=64"}],"version-history":[{"count":34,"href":"http:\/\/cherubiny.pl\/index.php\/wp-json\/wp\/v2\/pages\/64\/revisions"}],"predecessor-version":[{"id":1276,"href":"http:\/\/cherubiny.pl\/index.php\/wp-json\/wp\/v2\/pages\/64\/revisions\/1276"}],"wp:attachment":[{"href":"http:\/\/cherubiny.pl\/index.php\/wp-json\/wp\/v2\/media?parent=64"}],"curies":[{"name":"wp","href":"https:\/\/api.w.org\/{rel}","templated":true}]}}